{"id":1390,"date":"2020-12-15T13:56:40","date_gmt":"2020-12-15T12:56:40","guid":{"rendered":"https:\/\/koron-wine.si\/?post_type=product&#038;p=1390"},"modified":"2024-11-07T18:58:55","modified_gmt":"2024-11-07T17:58:55","slug":"rumeni-muskat","status":"publish","type":"product","link":"https:\/\/koron-wine.si\/en\/product\/rumeni-muskat\/","title":{"rendered":"Rumeni Mu\u0161kat"},"content":{"rendered":"<p class=\"translation-block\"><strong>Sweetness<\/strong>: Semi-sweet<\/p>\n<p><strong>Vintage<\/strong>: 2018<\/p>\n<p><strong>Alcohol<\/strong>: 11.5%<\/p>\n<p><strong>Bottle<\/strong>: 0.75l<\/p>\n<p><strong>Description<\/strong>:<\/p>\n<div>A semi-sweet wine with a yellow-green hue, full-bodied, fruity and fresh, with a long finish and characteristic Muscat floral notes. Perfect for dessert wine enthusiasts.<\/div>\n<div>z zna\u010dilno mu\u0161katno cvetico.<\/div>\n<div>Namenjeno ljubiteljem desertnih vin.<\/div>\n<div><\/div>\n<div><strong>Food Pairing:<\/strong> Desserts<\/div>\n<div><\/div>\n<div><strong>Serving Temperature:<\/strong> 12 C<\/div>","protected":false},"excerpt":{"rendered":"<p class=\"translation-block\"><strong>Sweetness<\/strong>: Semi-sweet<\/p>\n<p><strong>Vintage<\/strong>: 2018<\/p>\n<p><strong>Alcohol<\/strong>: 11.5%<\/p>\n<p><strong>Bottle<\/strong>: 0.75l<\/p>\n<p><strong>Description<\/strong>:<\/p>\n<div>A semi-sweet wine with a yellow-green hue, full-bodied, fruity and fresh, with a long finish and characteristic Muscat floral notes. Perfect for dessert wine enthusiasts.<\/div>\n<div>z zna\u010dilno mu\u0161katno cvetico.<\/div>\n<div>Namenjeno ljubiteljem desertnih vin.<\/div>\n<div><\/div>\n<div><strong>Food Pairing:<\/strong> Desserts<\/div>\n<div><\/div>\n<div><strong>Serving Temperature:<\/strong> 12 C<\/div>","protected":false},"featured_media":1576,"comment_status":"open","ping_status":"closed","template":"","meta":[],"product_brand":[],"product_cat":[26,35],"product_tag":[],"class_list":{"0":"post-1390","1":"product","2":"type-product","3":"status-publish","4":"has-post-thumbnail","6":"product_cat-belo-vino","7":"product_cat-vina","9":"first","10":"instock","11":"taxable","12":"shipping-taxable","13":"purchasable","14":"product-type-simple"},"yoast_head":"<!-- This site is optimized with the Yoast SEO plugin v27.4 - https:\/\/yoast.com\/product\/yoast-seo-wordpress\/ -->\n<title>Rumeni Mu\u0161kat - Vinska klet Koron<\/title>\n<meta name=\"robots\" content=\"noindex, follow\" \/>\n<meta property=\"og:locale\" content=\"en_US\" \/>\n<meta property=\"og:type\" content=\"article\" \/>\n<meta property=\"og:title\" content=\"Rumeni Mu\u0161kat - Vinska klet Koron\" \/>\n<meta property=\"og:description\" content=\"Sladkorna stopnja: Polsladko  Letnik: 2018  Alkohol: 11.5%  Steklenica: 0.75l  Opis: Polsladko vino, rumenkasto zelene barve polno,sadno in sve\u017ee z dolgim pookusom, z zna\u010dilno mu\u0161katno cvetico. Namenjeno ljubiteljem desertnih vin.  Hrana: Sladice  Temperatura serviranja: 12 C\" \/>\n<meta property=\"og:url\" content=\"https:\/\/koron-wine.si\/en\/product\/rumeni-muskat\/\" \/>\n<meta property=\"og:site_name\" content=\"Vinska klet Koron\" \/>\n<meta property=\"article:modified_time\" content=\"2024-11-07T17:58:55+00:00\" \/>\n<meta property=\"og:image\" content=\"https:\/\/koron-wine.si\/wp-content\/uploads\/2020\/12\/DSC_0945_01.jpg\" \/>\n\t<meta property=\"og:image:width\" content=\"1400\" \/>\n\t<meta property=\"og:image:height\" content=\"2104\" \/>\n\t<meta property=\"og:image:type\" content=\"image\/jpeg\" \/>\n<meta name=\"twitter:card\" content=\"summary_large_image\" \/>\n<meta name=\"twitter:label1\" content=\"Est. reading time\" \/>\n\t<meta name=\"twitter:data1\" content=\"1 minute\" \/>\n<script type=\"application\/ld+json\" class=\"yoast-schema-graph\">{\"@context\":\"https:\\\/\\\/schema.org\",\"@graph\":[{\"@type\":\"WebPage\",\"@id\":\"https:\\\/\\\/koron-wine.si\\\/izdelek\\\/rumeni-muskat\\\/\",\"url\":\"https:\\\/\\\/koron-wine.si\\\/izdelek\\\/rumeni-muskat\\\/\",\"name\":\"Rumeni Mu\u0161kat - Vinska klet Koron\",\"isPartOf\":{\"@id\":\"https:\\\/\\\/koron-wine.si\\\/#website\"},\"primaryImageOfPage\":{\"@id\":\"https:\\\/\\\/koron-wine.si\\\/izdelek\\\/rumeni-muskat\\\/#primaryimage\"},\"image\":{\"@id\":\"https:\\\/\\\/koron-wine.si\\\/izdelek\\\/rumeni-muskat\\\/#primaryimage\"},\"thumbnailUrl\":\"https:\\\/\\\/koron-wine.si\\\/wp-content\\\/uploads\\\/2020\\\/12\\\/DSC_0945_01.jpg\",\"datePublished\":\"2020-12-15T12:56:40+00:00\",\"dateModified\":\"2024-11-07T17:58:55+00:00\",\"breadcrumb\":{\"@id\":\"https:\\\/\\\/koron-wine.si\\\/izdelek\\\/rumeni-muskat\\\/#breadcrumb\"},\"inLanguage\":\"en-US\",\"potentialAction\":[{\"@type\":\"ReadAction\",\"target\":[\"https:\\\/\\\/koron-wine.si\\\/izdelek\\\/rumeni-muskat\\\/\"]}]},{\"@type\":\"ImageObject\",\"inLanguage\":\"en-US\",\"@id\":\"https:\\\/\\\/koron-wine.si\\\/izdelek\\\/rumeni-muskat\\\/#primaryimage\",\"url\":\"https:\\\/\\\/koron-wine.si\\\/wp-content\\\/uploads\\\/2020\\\/12\\\/DSC_0945_01.jpg\",\"contentUrl\":\"https:\\\/\\\/koron-wine.si\\\/wp-content\\\/uploads\\\/2020\\\/12\\\/DSC_0945_01.jpg\",\"width\":1400,\"height\":2104},{\"@type\":\"BreadcrumbList\",\"@id\":\"https:\\\/\\\/koron-wine.si\\\/izdelek\\\/rumeni-muskat\\\/#breadcrumb\",\"itemListElement\":[{\"@type\":\"ListItem\",\"position\":1,\"name\":\"Home\",\"item\":\"https:\\\/\\\/koron-wine.si\\\/\"},{\"@type\":\"ListItem\",\"position\":2,\"name\":\"Trgovina\",\"item\":\"https:\\\/\\\/koron-wine.si\\\/?page_id=1369\"},{\"@type\":\"ListItem\",\"position\":3,\"name\":\"Rumeni Mu\u0161kat\"}]},{\"@type\":\"WebSite\",\"@id\":\"https:\\\/\\\/koron-wine.si\\\/#website\",\"url\":\"https:\\\/\\\/koron-wine.si\\\/\",\"name\":\"Vinska klet Koron\",\"description\":\"Vinska klet Koron\",\"publisher\":{\"@id\":\"https:\\\/\\\/koron-wine.si\\\/#organization\"},\"potentialAction\":[{\"@type\":\"SearchAction\",\"target\":{\"@type\":\"EntryPoint\",\"urlTemplate\":\"https:\\\/\\\/koron-wine.si\\\/?s={search_term_string}\"},\"query-input\":{\"@type\":\"PropertyValueSpecification\",\"valueRequired\":true,\"valueName\":\"search_term_string\"}}],\"inLanguage\":\"en-US\"},{\"@type\":\"Organization\",\"@id\":\"https:\\\/\\\/koron-wine.si\\\/#organization\",\"name\":\"Vinska klet Koron\",\"url\":\"https:\\\/\\\/koron-wine.si\\\/\",\"logo\":{\"@type\":\"ImageObject\",\"inLanguage\":\"en-US\",\"@id\":\"https:\\\/\\\/koron-wine.si\\\/#\\\/schema\\\/logo\\\/image\\\/\",\"url\":\"https:\\\/\\\/koron-wine.si\\\/wp-content\\\/uploads\\\/2019\\\/10\\\/Vinska-klet-KORON_logotip-1.png\",\"contentUrl\":\"https:\\\/\\\/koron-wine.si\\\/wp-content\\\/uploads\\\/2019\\\/10\\\/Vinska-klet-KORON_logotip-1.png\",\"width\":543,\"height\":398,\"caption\":\"Vinska klet Koron\"},\"image\":{\"@id\":\"https:\\\/\\\/koron-wine.si\\\/#\\\/schema\\\/logo\\\/image\\\/\"}}]}<\/script>\n<!-- \/ Yoast SEO plugin. -->","yoast_head_json":{"title":"Rumeni Mu\u0161kat - Vinska klet Koron","robots":{"index":"noindex","follow":"follow"},"og_locale":"en_US","og_type":"article","og_title":"Rumeni Mu\u0161kat - Vinska klet Koron","og_description":"Sladkorna stopnja: Polsladko  Letnik: 2018  Alkohol: 11.5%  Steklenica: 0.75l  Opis: Polsladko vino, rumenkasto zelene barve polno,sadno in sve\u017ee z dolgim pookusom, z zna\u010dilno mu\u0161katno cvetico. Namenjeno ljubiteljem desertnih vin.  Hrana: Sladice  Temperatura serviranja: 12 C","og_url":"https:\/\/koron-wine.si\/en\/product\/rumeni-muskat\/","og_site_name":"Vinska klet Koron","article_modified_time":"2024-11-07T17:58:55+00:00","og_image":[{"width":1400,"height":2104,"url":"https:\/\/koron-wine.si\/wp-content\/uploads\/2020\/12\/DSC_0945_01.jpg","type":"image\/jpeg"}],"twitter_card":"summary_large_image","twitter_misc":{"Est. reading time":"1 minute"},"schema":{"@context":"https:\/\/schema.org","@graph":[{"@type":"WebPage","@id":"https:\/\/koron-wine.si\/izdelek\/rumeni-muskat\/","url":"https:\/\/koron-wine.si\/izdelek\/rumeni-muskat\/","name":"Rumeni Mu\u0161kat - Vinska klet Koron","isPartOf":{"@id":"https:\/\/koron-wine.si\/#website"},"primaryImageOfPage":{"@id":"https:\/\/koron-wine.si\/izdelek\/rumeni-muskat\/#primaryimage"},"image":{"@id":"https:\/\/koron-wine.si\/izdelek\/rumeni-muskat\/#primaryimage"},"thumbnailUrl":"https:\/\/koron-wine.si\/wp-content\/uploads\/2020\/12\/DSC_0945_01.jpg","datePublished":"2020-12-15T12:56:40+00:00","dateModified":"2024-11-07T17:58:55+00:00","breadcrumb":{"@id":"https:\/\/koron-wine.si\/izdelek\/rumeni-muskat\/#breadcrumb"},"inLanguage":"en-US","potentialAction":[{"@type":"ReadAction","target":["https:\/\/koron-wine.si\/izdelek\/rumeni-muskat\/"]}]},{"@type":"ImageObject","inLanguage":"en-US","@id":"https:\/\/koron-wine.si\/izdelek\/rumeni-muskat\/#primaryimage","url":"https:\/\/koron-wine.si\/wp-content\/uploads\/2020\/12\/DSC_0945_01.jpg","contentUrl":"https:\/\/koron-wine.si\/wp-content\/uploads\/2020\/12\/DSC_0945_01.jpg","width":1400,"height":2104},{"@type":"BreadcrumbList","@id":"https:\/\/koron-wine.si\/izdelek\/rumeni-muskat\/#breadcrumb","itemListElement":[{"@type":"ListItem","position":1,"name":"Home","item":"https:\/\/koron-wine.si\/"},{"@type":"ListItem","position":2,"name":"Trgovina","item":"https:\/\/koron-wine.si\/?page_id=1369"},{"@type":"ListItem","position":3,"name":"Rumeni Mu\u0161kat"}]},{"@type":"WebSite","@id":"https:\/\/koron-wine.si\/#website","url":"https:\/\/koron-wine.si\/","name":"Koron Family Winery","description":"Koron Family Winery","publisher":{"@id":"https:\/\/koron-wine.si\/#organization"},"potentialAction":[{"@type":"SearchAction","target":{"@type":"EntryPoint","urlTemplate":"https:\/\/koron-wine.si\/?s={search_term_string}"},"query-input":{"@type":"PropertyValueSpecification","valueRequired":true,"valueName":"search_term_string"}}],"inLanguage":"en-US"},{"@type":"Organization","@id":"https:\/\/koron-wine.si\/#organization","name":"Koron Family Winery","url":"https:\/\/koron-wine.si\/","logo":{"@type":"ImageObject","inLanguage":"en-US","@id":"https:\/\/koron-wine.si\/#\/schema\/logo\/image\/","url":"https:\/\/koron-wine.si\/wp-content\/uploads\/2019\/10\/Vinska-klet-KORON_logotip-1.png","contentUrl":"https:\/\/koron-wine.si\/wp-content\/uploads\/2019\/10\/Vinska-klet-KORON_logotip-1.png","width":543,"height":398,"caption":"Vinska klet Koron"},"image":{"@id":"https:\/\/koron-wine.si\/#\/schema\/logo\/image\/"}}]}},"_links":{"self":[{"href":"https:\/\/koron-wine.si\/en\/wp-json\/wp\/v2\/product\/1390","targetHints":{"allow":["GET"]}}],"collection":[{"href":"https:\/\/koron-wine.si\/en\/wp-json\/wp\/v2\/product"}],"about":[{"href":"https:\/\/koron-wine.si\/en\/wp-json\/wp\/v2\/types\/product"}],"replies":[{"embeddable":true,"href":"https:\/\/koron-wine.si\/en\/wp-json\/wp\/v2\/comments?post=1390"}],"wp:featuredmedia":[{"embeddable":true,"href":"https:\/\/koron-wine.si\/en\/wp-json\/wp\/v2\/media\/1576"}],"wp:attachment":[{"href":"https:\/\/koron-wine.si\/en\/wp-json\/wp\/v2\/media?parent=1390"}],"wp:term":[{"taxonomy":"product_brand","embeddable":true,"href":"https:\/\/koron-wine.si\/en\/wp-json\/wp\/v2\/product_brand?post=1390"},{"taxonomy":"product_cat","embeddable":true,"href":"https:\/\/koron-wine.si\/en\/wp-json\/wp\/v2\/product_cat?post=1390"},{"taxonomy":"product_tag","embeddable":true,"href":"https:\/\/koron-wine.si\/en\/wp-json\/wp\/v2\/product_tag?post=1390"}],"curies":[{"name":"wp","href":"https:\/\/api.w.org\/{rel}","templated":true}]}}