{"id":1998,"date":"2020-12-28T20:03:09","date_gmt":"2020-12-28T19:03:09","guid":{"rendered":"https:\/\/koron-wine.si\/?page_id=1998"},"modified":"2020-12-28T20:04:58","modified_gmt":"2020-12-28T19:04:58","slug":"pogoji-poslovanja","status":"publish","type":"page","link":"https:\/\/koron-wine.si\/en\/pogoji-poslovanja\/","title":{"rendered":"Terms &amp; Conditions"},"content":{"rendered":"<div data-elementor-type=\"wp-page\" data-elementor-id=\"1998\" class=\"elementor elementor-1998\">\n\t\t\t\t\t\t<section class=\"elementor-section elementor-top-section elementor-element elementor-element-7682cb01 elementor-section-boxed elementor-section-height-default elementor-section-height-default\" data-id=\"7682cb01\" data-element_type=\"section\">\n\t\t\t\t\t\t<div class=\"elementor-container elementor-column-gap-default\">\n\t\t\t\t\t<div class=\"elementor-column elementor-col-100 elementor-top-column elementor-element elementor-element-4ddffec5\" data-id=\"4ddffec5\" data-element_type=\"column\">\n\t\t\t<div class=\"elementor-widget-wrap elementor-element-populated\">\n\t\t\t\t\t\t<div class=\"elementor-element elementor-element-208a7e46 elementor-widget elementor-widget-text-editor\" data-id=\"208a7e46\" data-element_type=\"widget\" data-widget_type=\"text-editor.default\">\n\t\t\t\t<div class=\"elementor-widget-container\">\n\t\t\t\t\t\t\t\t\t<p><b>1<\/b>.<b style=\"color: var( --e-global-color-text );\"> Splo\u0161ni pogoji poslovanja spletne trgovine in podatki o ponudniku<\/b><\/p>\n<div><span style=\"color: var( --e-global-color-text );\">Splo\u0161ni pogoji spletne trgovine Koron-wine so sestavljeni v skladu z&nbsp;<\/span><a style=\"background-color: #ffffff;\" href=\"http:\/\/www.uradni-list.si\/1\/objava.jsp?urlid=201178&amp;stevilka=3297\" target=\"_blank\" rel=\"noreferrer noopener\">Zakonom o varstvu potro\u0161nikov (ZVPot)<\/a><span style=\"color: var( --e-global-color-text );\">, Zakonom o varstvu osebnih podatkov (ZVOP-1) ter Zakonom o elektronskih komunikacijah (ZEKom-1). Spletna trgovina Koron-wine je informacijski sistem, namenjen predstavitvi in prodaji izdelkov uporabniku. Upravlja jo Vinska klet Koron, Borut Koron. Uporabnik je oseba, ki uporablja na\u0161 sistem, torej kupec v spletni trgovini. Splo\u0161ni pogoji poslovanja obravnavajo delovanje spletne trgovine Koron-wine, pravice uporabnika ter poslovni odnos med ponudnikom in kupcem.<\/span><\/div>\n<div><span style=\"color: var( --e-global-color-text );\">&nbsp;<\/span><\/div>\n<div>\n<p>OSEBNA IZKAZNICA<br>Naziv: Borut Koron \u2013 Vinska klet Koron<br>Naslov: Brje 73a, 5263 Dobravlje, Slovenija<br>E-po\u0161ta: koron@siol.net, info@koron-wine.si<a href=\"mailto:info@vinakobal.com\"><br><\/a>Telefon: 00386 (0) 40 620 866<br>Identifikacijska \u0161t. za DDV: SI53166248<br>MID Kmetije 100307941<\/p>\n<p>Banke in poslovni ra\u010duni:<br>Primorska hranilnica Vipava d.d., TRR. SI56640000502002074<\/p>\n<p><strong>2. Registracija in uporaba gesla v spletni trgovini<\/strong><\/p>\n<p><strong><br><\/strong>Za uspe\u0161en nakup je&nbsp;za\u017eelena&nbsp;registracija kupca, ni pa obvezna. Vneseni podatki bodo varovani skladno z Zakonom o varstvu potro\u0161nikov (ZVPot) in se uporabljaljajo&nbsp;za obdelavo naro\u010dil kupcev, vneseni podatki&nbsp;&nbsp;se ne bodo&nbsp;uporabljali za noben drug namen.&nbsp;<br>Ob registraciji v Spletno trgovino koron-wine.si si uporabnik izbere uporabni\u0161ko ime in geslo. Uporabni\u0161ko ime je veljaven elektronski naslov, geslo pa si uporabnik izbere sam. Elektronski naslov in geslo uporabnika povezujeta z vnesenimi podatki, zato bodite pozorni, da vnesete natan\u010dne in pravilne podatke, saj vas bomo le tako lahko u\u010dinkovito komunicirali z vami. Registracija kupca omogo\u010da hitrej\u0161e nakupe, obenem pa zagotavlja tudi za\u0161\u010dito podatkov, ki bodo uporabljeni v skladu z vsemi navedenimi pogoji uporabe spletnega mesta, s katerimi se je uporabnik strinjal.<br><strong style=\"color: var( --e-global-color-text ); font-size: 1rem;\"><br><\/strong><\/p>\n<p><strong style=\"color: var( --e-global-color-text ); font-size: 1rem;\">3. Dostopnost informacij<\/strong><\/p>\n<p><b><br><\/b>Ponudnik se zavezuje, da bo kupcu vselej zagotovil naslednje informacije: identiteto podjetja, kontaktne naslove, bistvene zna\u010dilnosti blaga oziroma storitev, dostopnost izdelkov, pogoje dostave izdelka ali izvr\u0161itve storitve, vse cene jasno in nedvoumno dolo\u010dene, na\u010din pla\u010dila in dostave, \u010dasovno veljavnost ponudbe, rok, v katerem je \u0161e mo\u017eno odstopiti od pogodbe in pogojih za odstop in pojasnjen postopek ob prito\u017ebi, vklju\u010dno z vsemi podatki o kontaktni osebi ali slu\u017ebi za stike s kupci.<\/p>\n<p><strong><br><\/strong><strong>4. Cene<\/strong><\/p>\n<p>Vse cene na spletni strani so v evrih in vklu\u010dujejo DDV,&nbsp; razen \u010de je na spletni strani izrecno napisano druga\u010de. Zni\u017eana cena je zni\u017eana redna cena, po kateri se prodaja predstavljeni izdelek za dolo\u010den ali<strong>&nbsp;<\/strong>nedolo\u010den \u010das.<\/p>\n<p>Kupoprodajna pogodba med ponudnikom in kupcem je sklenjena v trenutku, ko ponudnik potrdi naro\u010dilo. Od tega trenutka so vse cene in drugi pogoji fiksirani in veljajo tako za ponudnika, kot za kupca. Cene veljajo do spremembe in jih lahko ponudnik spremeni brez predhodnega obvestila. V primeru, da se cena artikla tekom obdelave naro\u010dila spremeni, bo ponudnik kupca o tem obvestil. Ponudnik bo po svojih najbolj\u0161ih mo\u010deh sku\u0161al v vsakem primeru kupcu zagotoviti ni\u017ejo ceno oz. ponuditi ustrezno re\u0161itev, ki bo \u0161la v obojestransko zadovoljstvo. V nasprotnem primeru si Vinska klet Koron, Borut Koron prislu\u017euje pravico odstopa od kupoprodajne pogodbe ter stranki vrne pla\u010dano kupnino.<\/p>\n<p>-Ob primeru akcije se roki veljavnosti med sabo lahko razlikujejo,zato so navedeni ob akcijski ponudbi.<\/p>\n<p>-Popusti se med seboj ne se\u0161tevajo!<strong><br><\/strong><\/p>\n<p><strong>5. Lastninska pravica<\/strong><\/p>\n<p><strong><br><\/strong>Ponudnik si pridr\u017euje lastninsko pravico na poslanih izdelkih, vse dotlej dokler le-ti niso v celoti pla\u010dani.<\/p>\n<p><strong><br><\/strong><b>6. Pravica do odstopa od nakupa, Vra\u010dilo blaga<\/b><\/p>\n<p>Potro\u0161nik ima pravico, da v 14 dneh od dobave blaga podjetju pisno sporo\u010di odstop od pogodbe, in sicer na kontaktni naslov info@koron-wine.si Potro\u0161nik mora nato blago vrniti podjetju v 30 dneh po pisnem sporo\u010dilu, pri \u010demer sam krije neposredne stro\u0161ke vra\u010dila. Izdelki morajo biti nerabljeni, nepo\u0161kodovani in v originalni embala\u017ei. Prilo\u017eena mora biti kopija ra\u010duna. Stro\u0161ke vra\u010dila blaga krije kupec. Ponudnik vrne celotno kupnino (kupnina s stro\u0161ki dostave) v najkraj\u0161em mo\u017enem \u010dasu, najkasneje pa v roku 15 dni od prejetja sporo\u010dila o odstopu od pogodbe.<br>&nbsp;&nbsp;Kupec mora blago vrniti na naslov:<br>Borut Koron \u2013 nosilec dejavnosti na kmetiji<br>Brje 73a<br>5263 Dobravlje<br>Slovenija<\/p>\n<p><strong>7. Vra\u010dilo po\u0161kodovanih po\u0161iljk<\/strong><\/p>\n<p>\u010ce je pri\u0161lo do po\u0161kodbe blaga med prevozom (zunanjost po\u0161iljke), potem je nujno po\u0161iljko TAKOJ reklamirati kurirju. Kurir bo na licu mesta sestavil reklamacijski zapisnik o po\u0161kodbi po\u0161iljke. V pimeru skritih po\u0161kodb po\u0161iljke pa je uporabnik dol\u017ean pisno obvestiti dostavno slu\u017ebo v reklamacijskem roku 8 dni, \u0161teto od dneva prejema po\u0161iljke dalje s pogojem, da predhodno z nami skupno ugotovimo, da je po\u0161kodba po na\u0161em mnenju nastala izklju\u010dno v \u010dasu, ko je bila po\u0161iljka v posesti dostave. Uporabniku priporo\u010damo, da dostavljen paket pred prevzemom pregleda in preveri vsebino v navzo\u010dnosti kurirja.<\/p>\n<p><strong>8. Garancija<\/strong><\/p>\n<p>Vsi izdelki v prodaji v Spletni trgovini koron-wine.si nimajo omejenega roka uporabe. Vsi izdelki in vina v steklenici zorijo in se plemenitijo. Z zorenjem se kakovost vina spreminja in se spreminjajo tudi osnovni organolepti\u010dni opisi. Vse informacije lahko dobite na info@koron-wine.si ali tel. \u0161tevilko +38640620866 . V primeru slabe kakovosti izdelka vam izdelek zamenjamo.<\/p>\n<p><\/p>\n<p>Zamenjava artikla preneha veljati v naslednjih primerih:<\/p>\n<ul>\n<li>nepravilna hramba izdelka izpostavljenega neustreznim temperaturam in viru svetlobe,<\/li>\n<li>malomarno ravnanje z izdelkom,<\/li>\n<li>po\u0161kodbe, nastale zaradi mehanskih udarcev po krivdi kupca oziroma tretje osebe,<\/li>\n<li>ko ni mogo\u010de preveriti kakovosti, ker izdelka ni ve\u010d na voljo<\/li>\n<\/ul>\n<p>Validacijo izdelka dodatno opravi proizvajalec, ki tudi dolo\u010di upravi\u010denost reklamacije.<\/p>\n<p><\/p>\n<p>V primeru, da \u017eelite dodatne informacije v zvezi z izdelki Vinske kleti Koron, se lahko obrnete na info@koron-wine.si&nbsp;.<\/p>\n<p><b>9. Postopek naro\u010dila<\/b><\/p>\n<ul>\n<li>\n<p>V spletni trgovini poi\u0161\u010dite izdelek, ki ga \u017eelite kupiti.<\/p>\n<\/li>\n<\/ul>\n<ul>\n<li>\n<p>Kliknete gumb \u201cdodaj v ko\u0161arico\u201d.<\/p>\n<\/li>\n<\/ul>\n<ul>\n<li>\n<p>Odpre se ko\u0161arica, kjer lahko izbirate koli\u010dino, na\u010din dostave in na\u010din pla\u010dila. Na tem mestu najdete tudi predogled va\u0161ega pla\u010dila. Tu so \u017ee v\u0161teti tudi stro\u0161ki dostave.<\/p>\n<\/li>\n<\/ul>\n<ul>\n<li>\n<p>Potem kliknete \u201cnadaljuj na blagajno\u201d.<\/p>\n<\/li>\n<\/ul>\n<ul>\n<li>\n<p>V naslednjem koraku, vpi\u0161ite vse potrebne podatke za dostavo. Pred potrditvijo in zaklju\u010dkom nakupa morate obkljukati okence pred \u201cstrinjam se s splo\u0161nimi dolo\u010dili\u201d. Na tem mestu je tudi povezava na splo\u0161ne pogoje, kjer se seznanite z njimi.<\/p>\n<\/li>\n<\/ul>\n<ul>\n<li>\n<p>Kliknete \u201coddaj naro\u010dilo\u201d.<\/p>\n<\/li>\n<\/ul>\n<ul>\n<li>\n<p>Na zaslonu se vam prika\u017ee povzetek naro\u010dila. Le tega pa dobite tudi na va\u0161 e-naslov.<\/p>\n<\/li>\n<\/ul>\n<ul>\n<li>\n<p>S tem je va\u0161e naro\u010dilo zaklju\u010deno.<\/p>\n<\/li>\n<\/ul>\n<div>&nbsp;<\/div>\n<p><b>10. Pla\u010devanje izdelkov v spletni trgovini<\/b><\/p>\n<p><b><br><\/b>Mo\u017enosti za pla\u010dilo kupnine za naro\u010dilo izdelkov v spletni trgovini Koron-wine.si so naslednje<\/p>\n<ol>\n<li>\n<p>Pla\u010dilo po povzetju<\/p>\n<\/li>\n<li>\n<p>Z nakazilom na TRR&nbsp;<\/p>\n<\/li>\n<\/ol>\n<\/div>\n<div>\n<p>Naziv banke: Primorska hranilnica&nbsp;<span style=\"font-size: 1rem;\">Vipava d.d.<\/span><\/p>\n<p><span style=\"font-size: 1rem;\">TRR: SI56640000502002074&nbsp;<\/span><\/p>\n<p><span style=\"font-size: 1rem;\">&nbsp;<\/span><span style=\"font-size: 1rem;\">Uporabnik mora ponudnika obvestiti o odlo\u010ditvi o na\u010dinu pla\u010dila. To stori skupaj z oddajo naro\u010dila, ki ga posreduje ponudniku.<\/span><\/p>\n<\/div>\n<div>\n<div>&nbsp;<span style=\"font-size: 1rem;\">Ob prejemu naro\u010dila in izbiri pla\u010dila po povzetju vam bomo na va\u0161o e-po\u0161to poslali potrdilo o prejemu naro\u010dila, nato sledi dobava v dogovorjenem roku. Kupnino za naro\u010deni izdelek pla\u010date dostavni slu\u017ebi ob dostavi naro\u010denega izdelka. Pla\u010dilo dostavni slu\u017ebi ob prevzemu, je zaenkrat mo\u017eno le z gotovino. Pri pla\u010dilu po povzetju velja cena izdelka, veljavna na dan naro\u010dila vklju\u010dno s stro\u0161ki pla\u010dila po povzetju.<\/span><\/div>\n<div>&nbsp;<\/div>\n<p><span style=\"color: var( --e-global-color-text );\">Ob prejemu naro\u010dila in izbiri pla\u010dila<\/span>&nbsp;na TRR, kupcu po e-po\u0161ti po\u0161ljemo ustrezen predra\u010dun, ki ga mora kupec poravnati najkasneje v 2 delovnih dneh od prejema. Takoj ko je pla\u010dilo vidno na na\u0161em TRR, izdelke odpremimo na \u017eeljeni naslov.<\/p>\n<p>Smo zavezanec za DDV.<\/p>\n<p><b>11. Stro\u0161ki po\u0161iljanja<\/b><\/p>\n<p>Po\u0161iljke po\u0161iljamo preko Po\u0161te Slovenije, stro\u0161ke po\u0161iljanja pri\u0161tevamo h kupnini, kar je razvidno iz ra\u010duna oz. ponudbe. Cene vsebujejo 22 % DDV. Za fizi\u010dne kupce znesek po\u0161tnine zna\u0161a 4,90\u20ac za naro\u010dila v vrednosti do 40\u20ac, nad 40\u20ac je za fizi\u010dne kupce po\u0161iljanje brezpla\u010dno.<\/p>\n<p><strong>12. Dobavni rok<\/strong><\/p>\n<p>Spletna trgovina koron-wine.si \u017eeli \u010dim bolj ustre\u010di \u017eeljam vseh kupcev, zato vam kupljeno blago dostavimo na va\u0161 naslov na obmo\u010dju Republike Slovenije v roku 3 delovnih dneh proti pla\u010dilu, ki je definirano ob naro\u010dilu. Za dolo\u010ditev to\u010dnega dneva in ure dostave vas bo predhodno poklical na\u0161 poobla\u0161\u010deni dostavljavec. Za dostavo v druge dr\u017eave boste za to\u010den dan in uro dostave obve\u0161\u010deni s strani na\u0161ega logista. Cena dostave v druge dr\u017eave je definirana v naro\u010dilu.<\/p>\n<p>Dostava izdelkov poteka le ob delovnih dnevih.<\/p>\n<p>V primeru, da ob dostavi kupec na dogovorjenem naslovu ni navzo\u010d, izdelek lahko veljavno prevzame polnoletna oseba, ki \u017eivi v istem gospodinjstvu skupaj s kupcem, oziroma druga oseba, ki ima pooblastilo za prevzem. Oseba, ki prevzame dostavljeni izdelek, prevzem izdelka ter prevzem vseh spremljajo\u010dih dokumentov potrdi s podpisom dobavnice, zraven pa navede svoje ime, priimek ter datum prevzema in razmerje do naro\u010dnika.<\/p>\n<p><\/p>\n<p><b>13. Po oddaji naro\u010dila<\/b><\/p>\n<p>Vinska klet Koron si pridr\u017euje pravico do zavrnitve naro\u010dila v primeru, da artikla ni ve\u010d na zalogi ali o\u010ditno napa\u010dnih cen, ki lahko nastanejo v primeru napak pri avtomatiziranih prenosih, o \u010demer vas bomo obvestili v najkraj\u0161em mo\u017enem \u010dasu. V primeru nejasnosti, preverjanja podatkov ali zagotavljanja pravilne dobave vas lahko pokli\u010demo na telefonsko \u0161tevilko, ki ste jo vnesli ob oddaji naro\u010dila.<br>Blago bomo pripravili v dogovorjenem roku in poslali na va\u0161 naslov. O tem boste tudi obve\u0161\u010deni, na elektronski naslov vam bomo poslali obvestilo \u201cVa\u0161e naro\u010dilo na spletni strani koron-wine.si je zaklju\u010deno\u201d. V primeru, da ste naro\u010dili blago, ki ga zaradi nepredvidljivih razlogov ne moremo odpremiti v obljubljenem roku, vas o novem dobavnem roku obvestimo po telefonu ali na va\u0161 elektronski naslov.<br>Prek elektronske po\u0161te se kupca lahko tudi sproti obve\u0161\u010da o a\u017eurnih podatkih v zvezi z dobavo artiklov. \u010ce je dobavna doba zelo dolga in kupec ne \u017eeli \u010dakati, lahko kupec to sporo\u010di na info@koron-wine.si ali po telefonu, da bo artikel odstranil iz naro\u010dila. Vinska klet Koron&nbsp;vrne kupcu morebitna \u017ee vpla\u010dana sredstva, ostale artikle iz naro\u010dila pa po izbiri kupca \u2013 ali odpremi in dobavi ali pa celotno naro\u010dilo stornira.&nbsp;<\/p>\n<p>Vinska klet Koron dogovorjenem roku artikel pripravi, odpo\u0161lje oziroma pripravi za osebni prevzem in o tem po elektronski po\u0161ti ali SMS-u sporo\u010dilu obvesti kupca. Vinska klet Koron v elektronski po\u0161ti pou\u010di kupca tudi o politiki odstopa od pogodbe, kam se lahko obrne v primeru zamude pri dostavi in kam se lahko obrne v primeru prito\u017ebe. SMS sporo\u010dil, ki so odgovor na obvestilo o pripravi in odpremi po\u0161iljke s strani kurirja (Po\u0161te Slovenija ) Vinska klet Koron ne prejme, zato kupce prosimo, da na SMS sporo\u010dila ne odgovarjajo, ampak se na nas obnejo preko navednih kontaktov (e-mail in telefon).<br>V primeru, da se kupec pravo\u010dasno odlo\u010di za preklic naro\u010dila, mora prodajalca o tem nemudoma obvestiti na telefonsko \u0161tevilko splo\u0161ne pomo\u010di 040 620 866&nbsp;ali po e-mailu na naslov&nbsp;&nbsp;info@koron-wine.si.&nbsp;\u010ce se zgodi, da je naro\u010dilo \u017ee odpremljeno, po\u0161iljko kupec zavrne dostavni slu\u017ebi. V primeru osebnega prevzema (ko je artikel \u017ee pripravljen na prevzem), pa kupec prav tako svojo \u017eeljo po preklicu naro\u010dila sporo\u010di prek zgoraj omenjene telefonske \u0161tevilke ali po zgornjem e-mailu.<\/p>\n<p>Pogodbe se na strani www.koron-wine.si sklepajo zgolj v slovenskem jeziku.<br>Vinska klet Koron ne odgovarja za morebitne napake (slovni\u010dne, tipkarske in druge) v povezavi s ceno artiklov. V primeru morebitnih napak, bo stranka obve\u0161\u010dena.<br>V primeru, da \u017eelite naro\u010diti preko telefona nas pokli\u010dete na 040 620 866, vse dni v tednu med 9:00 in 18:00. Pri naro\u010dilu preko telefona bomo potrebovali enake podatke kot pri naro\u010dilu preko spleta. Pri naro\u010dilu preko telefona lahko izberete pla\u010dilo po povzetju ali po predra\u010dunu. Naro\u010dilo preko e-maila ni mogo\u010de.<\/p>\n<p><strong style=\"font-size: 1rem;\">14. Prito\u017ebe in spori<\/strong><\/p>\n<p>Ponudnik spo\u0161tuje veljavno zakonodajo o varstvu potro\u0161nikov. Prito\u017ebe in reklamacije lahko uporabniki po\u0161ljejo po elektronski po\u0161ti info@vinakobal.com ali po klasi\u010dni po\u0161ti na naslov:<\/p>\n<p><\/p>\n<p>Borut Koron \u2013 nosilec dejavnosti na kmetiji<br>Brje 73a<br>5263 Dobravlje<br>Slovenija<\/p>\n<p>Ponudnik mora v petih delovnih dneh potrditi, da je prito\u017ebo prejel, sporo\u010diti uporabniku oz. kupcu, kako dolgo jo bo obravnaval, in ga ves \u010das obve\u0161\u010dati o poteku postopka. Ponudnik si bo po najbolj\u0161ih mo\u010deh prizadeval za sporazumno re\u0161itev morebitnih sporov.<\/p>\n<p><b>15. Fotografije<\/b><\/p>\n<p>Z fotografijami&nbsp;poizku\u0161amo kar najbolje in verodostojno predstaviti artikel , a fotografije na spletni strani so simboli\u010dne, saj je lahko ob artiklu predstavljena dekoracija, katera ni del artikla.&nbsp;<\/p>\n<p><strong>16. OPOZORILA<\/strong><\/p>\n<p>Mladoletnim osebam je prodaja alkoholnih pija\u010d prepovedana. Zato mora biti kupec polnoleten v \u010dasu oddaje naro\u010dila. V nasprotnem primeru ponudnik takoj odstopi od pogodbe.<br>S strinjanjem s splo\u0161nimi pogoji, potrjujete, da ste starej\u0161i od 18 let.&nbsp;<br>Ministrstvo za zdravje opozarja; prekomerno pitje alkohola \u0161koduje zdravju.<\/p>\n<\/div>\t\t\t\t\t\t\t\t<\/div>\n\t\t\t\t<\/div>\n\t\t\t\t\t<\/div>\n\t\t<\/div>\n\t\t\t\t\t<\/div>\n\t\t<\/section>\n\t\t\t\t<\/div>","protected":false},"excerpt":{"rendered":"<p>1. Splo\u0161ni pogoji poslovanja spletne trgovine in podatki o ponudniku Splo\u0161ni pogoji spletne trgovine Koron-wine so sestavljeni v skladu z&nbsp;Zakonom o varstvu potro\u0161nikov (ZVPot), Zakonom o varstvu osebnih podatkov (ZVOP-1) ter Zakonom o elektronskih komunikacijah (ZEKom-1). Spletna trgovina Koron-wine je informacijski sistem, namenjen predstavitvi in prodaji izdelkov uporabniku. Upravlja jo Vinska klet Koron, Borut Koron. [&hellip;]<\/p>","protected":false},"author":1,"featured_media":0,"parent":0,"menu_order":0,"comment_status":"closed","ping_status":"closed","template":"","meta":{"footnotes":""},"class_list":["post-1998","page","type-page","status-publish","hentry"],"yoast_head":"<!-- This site is optimized with the Yoast SEO plugin v27.4 - https:\/\/yoast.com\/product\/yoast-seo-wordpress\/ -->\n<title>Pogoji poslovanja - Vinska klet Koron<\/title>\n<meta name=\"robots\" content=\"noindex, nofollow\" \/>\n<meta property=\"og:locale\" content=\"en_US\" \/>\n<meta property=\"og:type\" content=\"article\" \/>\n<meta property=\"og:title\" content=\"Pogoji poslovanja - Vinska klet Koron\" \/>\n<meta property=\"og:description\" content=\"1. Splo\u0161ni pogoji poslovanja spletne trgovine in podatki o ponudniku Splo\u0161ni pogoji spletne trgovine Koron-wine so sestavljeni v skladu z&nbsp;Zakonom o varstvu potro\u0161nikov (ZVPot), Zakonom o varstvu osebnih podatkov (ZVOP-1) ter Zakonom o elektronskih komunikacijah (ZEKom-1). Spletna trgovina Koron-wine je informacijski sistem, namenjen predstavitvi in prodaji izdelkov uporabniku. Upravlja jo Vinska klet Koron, Borut Koron. [&hellip;]\" \/>\n<meta property=\"og:url\" content=\"https:\/\/koron-wine.si\/en\/pogoji-poslovanja\/\" \/>\n<meta property=\"og:site_name\" content=\"Vinska klet Koron\" \/>\n<meta property=\"article:modified_time\" content=\"2020-12-28T19:04:58+00:00\" \/>\n<meta name=\"twitter:card\" content=\"summary_large_image\" \/>\n<meta name=\"twitter:label1\" content=\"Est. reading time\" \/>\n\t<meta name=\"twitter:data1\" content=\"11 minutes\" \/>\n<script type=\"application\/ld+json\" class=\"yoast-schema-graph\">{\"@context\":\"https:\\\/\\\/schema.org\",\"@graph\":[{\"@type\":\"WebPage\",\"@id\":\"https:\\\/\\\/koron-wine.si\\\/pogoji-poslovanja\\\/\",\"url\":\"https:\\\/\\\/koron-wine.si\\\/pogoji-poslovanja\\\/\",\"name\":\"Pogoji poslovanja - Vinska klet Koron\",\"isPartOf\":{\"@id\":\"https:\\\/\\\/koron-wine.si\\\/#website\"},\"datePublished\":\"2020-12-28T19:03:09+00:00\",\"dateModified\":\"2020-12-28T19:04:58+00:00\",\"breadcrumb\":{\"@id\":\"https:\\\/\\\/koron-wine.si\\\/pogoji-poslovanja\\\/#breadcrumb\"},\"inLanguage\":\"en-US\",\"potentialAction\":[{\"@type\":\"ReadAction\",\"target\":[\"https:\\\/\\\/koron-wine.si\\\/pogoji-poslovanja\\\/\"]}]},{\"@type\":\"BreadcrumbList\",\"@id\":\"https:\\\/\\\/koron-wine.si\\\/pogoji-poslovanja\\\/#breadcrumb\",\"itemListElement\":[{\"@type\":\"ListItem\",\"position\":1,\"name\":\"Home\",\"item\":\"https:\\\/\\\/koron-wine.si\\\/\"},{\"@type\":\"ListItem\",\"position\":2,\"name\":\"Pogoji poslovanja\"}]},{\"@type\":\"WebSite\",\"@id\":\"https:\\\/\\\/koron-wine.si\\\/#website\",\"url\":\"https:\\\/\\\/koron-wine.si\\\/\",\"name\":\"Vinska klet Koron\",\"description\":\"Vinska klet Koron\",\"publisher\":{\"@id\":\"https:\\\/\\\/koron-wine.si\\\/#organization\"},\"potentialAction\":[{\"@type\":\"SearchAction\",\"target\":{\"@type\":\"EntryPoint\",\"urlTemplate\":\"https:\\\/\\\/koron-wine.si\\\/?s={search_term_string}\"},\"query-input\":{\"@type\":\"PropertyValueSpecification\",\"valueRequired\":true,\"valueName\":\"search_term_string\"}}],\"inLanguage\":\"en-US\"},{\"@type\":\"Organization\",\"@id\":\"https:\\\/\\\/koron-wine.si\\\/#organization\",\"name\":\"Vinska klet Koron\",\"url\":\"https:\\\/\\\/koron-wine.si\\\/\",\"logo\":{\"@type\":\"ImageObject\",\"inLanguage\":\"en-US\",\"@id\":\"https:\\\/\\\/koron-wine.si\\\/#\\\/schema\\\/logo\\\/image\\\/\",\"url\":\"https:\\\/\\\/koron-wine.si\\\/wp-content\\\/uploads\\\/2019\\\/10\\\/Vinska-klet-KORON_logotip-1.png\",\"contentUrl\":\"https:\\\/\\\/koron-wine.si\\\/wp-content\\\/uploads\\\/2019\\\/10\\\/Vinska-klet-KORON_logotip-1.png\",\"width\":543,\"height\":398,\"caption\":\"Vinska klet Koron\"},\"image\":{\"@id\":\"https:\\\/\\\/koron-wine.si\\\/#\\\/schema\\\/logo\\\/image\\\/\"}}]}<\/script>\n<!-- \/ Yoast SEO plugin. -->","yoast_head_json":{"title":"Pogoji poslovanja - Vinska klet Koron","robots":{"index":"noindex","follow":"nofollow"},"og_locale":"en_US","og_type":"article","og_title":"Pogoji poslovanja - Vinska klet Koron","og_description":"1. Splo\u0161ni pogoji poslovanja spletne trgovine in podatki o ponudniku Splo\u0161ni pogoji spletne trgovine Koron-wine so sestavljeni v skladu z&nbsp;Zakonom o varstvu potro\u0161nikov (ZVPot), Zakonom o varstvu osebnih podatkov (ZVOP-1) ter Zakonom o elektronskih komunikacijah (ZEKom-1). Spletna trgovina Koron-wine je informacijski sistem, namenjen predstavitvi in prodaji izdelkov uporabniku. Upravlja jo Vinska klet Koron, Borut Koron. [&hellip;]","og_url":"https:\/\/koron-wine.si\/en\/pogoji-poslovanja\/","og_site_name":"Vinska klet Koron","article_modified_time":"2020-12-28T19:04:58+00:00","twitter_card":"summary_large_image","twitter_misc":{"Est. reading time":"11 minutes"},"schema":{"@context":"https:\/\/schema.org","@graph":[{"@type":"WebPage","@id":"https:\/\/koron-wine.si\/pogoji-poslovanja\/","url":"https:\/\/koron-wine.si\/pogoji-poslovanja\/","name":"Pogoji poslovanja - Vinska klet Koron","isPartOf":{"@id":"https:\/\/koron-wine.si\/#website"},"datePublished":"2020-12-28T19:03:09+00:00","dateModified":"2020-12-28T19:04:58+00:00","breadcrumb":{"@id":"https:\/\/koron-wine.si\/pogoji-poslovanja\/#breadcrumb"},"inLanguage":"en-US","potentialAction":[{"@type":"ReadAction","target":["https:\/\/koron-wine.si\/pogoji-poslovanja\/"]}]},{"@type":"BreadcrumbList","@id":"https:\/\/koron-wine.si\/pogoji-poslovanja\/#breadcrumb","itemListElement":[{"@type":"ListItem","position":1,"name":"Home","item":"https:\/\/koron-wine.si\/"},{"@type":"ListItem","position":2,"name":"Pogoji poslovanja"}]},{"@type":"WebSite","@id":"https:\/\/koron-wine.si\/#website","url":"https:\/\/koron-wine.si\/","name":"Koron Family Winery","description":"Koron Family Winery","publisher":{"@id":"https:\/\/koron-wine.si\/#organization"},"potentialAction":[{"@type":"SearchAction","target":{"@type":"EntryPoint","urlTemplate":"https:\/\/koron-wine.si\/?s={search_term_string}"},"query-input":{"@type":"PropertyValueSpecification","valueRequired":true,"valueName":"search_term_string"}}],"inLanguage":"en-US"},{"@type":"Organization","@id":"https:\/\/koron-wine.si\/#organization","name":"Koron Family Winery","url":"https:\/\/koron-wine.si\/","logo":{"@type":"ImageObject","inLanguage":"en-US","@id":"https:\/\/koron-wine.si\/#\/schema\/logo\/image\/","url":"https:\/\/koron-wine.si\/wp-content\/uploads\/2019\/10\/Vinska-klet-KORON_logotip-1.png","contentUrl":"https:\/\/koron-wine.si\/wp-content\/uploads\/2019\/10\/Vinska-klet-KORON_logotip-1.png","width":543,"height":398,"caption":"Vinska klet Koron"},"image":{"@id":"https:\/\/koron-wine.si\/#\/schema\/logo\/image\/"}}]}},"_links":{"self":[{"href":"https:\/\/koron-wine.si\/en\/wp-json\/wp\/v2\/pages\/1998","targetHints":{"allow":["GET"]}}],"collection":[{"href":"https:\/\/koron-wine.si\/en\/wp-json\/wp\/v2\/pages"}],"about":[{"href":"https:\/\/koron-wine.si\/en\/wp-json\/wp\/v2\/types\/page"}],"author":[{"embeddable":true,"href":"https:\/\/koron-wine.si\/en\/wp-json\/wp\/v2\/users\/1"}],"replies":[{"embeddable":true,"href":"https:\/\/koron-wine.si\/en\/wp-json\/wp\/v2\/comments?post=1998"}],"version-history":[{"count":7,"href":"https:\/\/koron-wine.si\/en\/wp-json\/wp\/v2\/pages\/1998\/revisions"}],"predecessor-version":[{"id":2008,"href":"https:\/\/koron-wine.si\/en\/wp-json\/wp\/v2\/pages\/1998\/revisions\/2008"}],"wp:attachment":[{"href":"https:\/\/koron-wine.si\/en\/wp-json\/wp\/v2\/media?parent=1998"}],"curies":[{"name":"wp","href":"https:\/\/api.w.org\/{rel}","templated":true}]}}